{"id":95,"date":"2026-01-13T15:50:00","date_gmt":"2026-01-13T14:50:00","guid":{"rendered":"https:\/\/chablaisnordic.com\/?page_id=95"},"modified":"2026-01-13T17:14:35","modified_gmt":"2026-01-13T16:14:35","slug":"palmares","status":"publish","type":"page","link":"https:\/\/chablaisnordic.com\/?page_id=95","title":{"rendered":"Palmar\u00e8s 2014-2024"},"content":{"rendered":"\n<h1><strong>2004-2021\u00a0:\u00a0<\/strong>10 jeunes s\u00e9lectionn\u00e9s au comit\u00e9 MB &#8211; Thomas V &#8211; Hugo A &#8211; Bertrand C &#8211; Camille B &#8211; Chlo\u00e9 B &#8211;  &#8211; Thomas H &#8211; Justin JV &#8211; Paul F &#8211; Anthony L- Th\u00e9o PJ &#8211; \u00a0\u00a0\u00a0\u00a0\u00a0\u00a0\u00a0\u00a0\u00a0\u00a0\u00a0                   <\/h1>\n\n\n\n<figure class=\"wp-block-table is-style-stripes has-small-font-size\"><table><tbody><tr><td><strong>2014&nbsp;:<\/strong>&nbsp;&nbsp;&nbsp;&nbsp; 1<sup>\u00e8re<\/sup>&nbsp;place challenge national U14 F.&nbsp;<strong>Camille<\/strong> <strong>BENED<\/strong><\/td><td><\/td><td><\/td><\/tr><tr><td><strong>2015&nbsp;:<\/strong>&nbsp;&nbsp;&nbsp;&nbsp; 1<sup>\u00e8re<\/sup>&nbsp;place challenge national U14 F.&nbsp; <strong>Chlo\u00e9 BENED<\/strong><\/td><td><\/td><td><\/td><\/tr><tr><td><strong>2015\u00a0:<\/strong>\u00a0\u00a0\u00a0\u00a0 3 titres nationaux en U16 F. <strong>Camille<\/strong><\/td><td><\/td><td><\/td><\/tr><tr><td><strong>2016\u00a0:<\/strong>\u00a0\u00a0\u00a0\u00a0 1<sup>\u00e8re<\/sup>\u00a0place challenge national U14 F\u00a0&#8211; <strong>Chlo\u00e9<\/strong><\/td><td><\/td><td><\/td><\/tr><tr><td><strong>2016\u00a0:<\/strong>     4 titres nationaux sur 4 en U16 F. <strong>Camille <\/strong><\/td><td><\/td><td><\/td><\/tr><tr><td><strong>2016\u00a0:<\/strong>     1 podium aux Chp.t France\u00a0\u00a0en U19 F. &#8211; <strong>Camille<\/strong><\/td><td><\/td><td><\/td><\/tr><tr><td><strong>2017&nbsp;:<\/strong>&nbsp;&nbsp;&nbsp;&nbsp; 1<sup>\u00e8re<\/sup>&nbsp;place au Crit\u00e9rium r\u00e9gional min G.&nbsp;&#8211; <strong>Anthony<\/strong> <strong>LAUSENAZ<\/strong><\/td><td><\/td><td><\/td><\/tr><tr><td><strong>2017\u00a0:<\/strong>\u00a0\u00a0\u00a0\u00a0 1 titre aux Chp.t France biathlon en U19 F &#8211; <strong>Camille<\/strong><\/td><td><\/td><td><\/td><\/tr><tr><td><strong>2017\u00a0:<\/strong>\u00a0\u00a0\u00a0\u00a0\u00a0<strong>1 titre en biathlon aux FOJE\u00a0\u00e0 ERZURUM\u00a0(TUR) <\/strong>&#8211; <strong>Camille<\/strong><\/td><td><\/td><td><\/td><\/tr><tr><td><strong>2017\u00a0:<\/strong>\u00a0\u00a0\u00a0\u00a0\u00a08 participations en IBU Junior\u2019s Cup\u00a0&#8211; <strong>Camille<\/strong>\u00a0\u00a0\u00a0\u00a0\u00a0\u00a0\u00a0<\/td><td><\/td><td><\/td><\/tr><tr><td><strong>2018\u00a0:<\/strong>\u00a0\u00a0\u00a0\u00a0 1<sup>\u00e8re<\/sup>\u00a0place au Crit\u00e9rium r\u00e9gional min G &#8211; <strong>Anthony<\/strong>\u00a0<\/td><td><\/td><td><\/td><\/tr><tr><td><strong>2018\u00a0:     1 titre mondial\u00a0IBU junior\u00a0en relais<\/strong>\u00a0<strong>\u00e0 OTEPAA\u00a0(BLR)<\/strong> &#8211; <strong>Camille<\/strong><\/td><td><\/td><td><\/td><\/tr><tr><td><strong>2018\u00a0:<\/strong>     1 titre national aux chpts de France des comit\u00e9s &#8211; <strong>Camille<\/strong><\/td><td><\/td><td><\/td><\/tr><tr><td><strong>2019\u00a0:<\/strong>\u00a0\u00a0\u00a0\u00a0 1<sup>\u00e8re<\/sup>\u00a0place au Crit\u00e9rium r\u00e9gional min G &#8211; <strong>Anthony<\/strong><\/td><td><\/td><td><\/td><\/tr><tr><td><strong>2019&nbsp;:<\/strong>     1<sup>\u00e8re<\/sup>&nbsp;place \u00e0 la finale des foyers U12 &#8211; La Clusaz &#8211; <strong>M\u00e9lina<\/strong> <strong>BETRIX<\/strong><\/td><td><\/td><td><\/td><\/tr><tr><td><strong>2019\u00a0:<\/strong>     1\u00a0titre national aux chpts de France des comit\u00e9s &#8211; <strong>Camille<\/strong><\/td><td><\/td><td><\/td><\/tr><tr><td><strong>2019\u00a0:<\/strong>     1 titre national biathlon U17 F\u00a0&#8211; <strong>Chlo\u00e9<\/strong><\/td><td><\/td><td><\/td><\/tr><tr><td><strong>2019\u00a0:<\/strong>     <strong>1 victoire individuelle en IBU\u00a0junior\u2019s cup <\/strong> &#8211; <strong>Camille <\/strong><\/td><td><\/td><td><\/td><\/tr><tr><td><strong>2019\u00a0:<\/strong>     <strong>1 titre mondial\u00a0en relais<\/strong>\u00a0<strong>biathlon<\/strong> <strong>U21 \u00e0 OSRBLIE\u00a0(SVK)<\/strong> &#8211;  <strong>Camille<\/strong><\/td><td><\/td><td><\/td><\/tr><tr><td><strong>2019\u00a0:<\/strong>\u00a0\u00a0\u00a0\u00a0\u00a02 titres europ\u00e9ens\u00a0\u00e0 SJUSJOEN\u00a0(NOR) &#8211; <strong>Camille<\/strong><\/td><td><\/td><td><\/td><\/tr><tr><td><strong>2019\u00a0:<\/strong>     1 titre national biathlon U19 F &#8211; <strong>Chlo\u00e9<\/strong><\/td><td><\/td><td><\/td><\/tr><tr><td><strong>2019\u00a0:<\/strong>     1 titre national aux chpts de France des comit\u00e9s &#8211; <strong>Camille<\/strong><\/td><td><\/td><td><\/td><\/tr><tr><td><strong>2020\u00a0:\u00a0\u00a0\u00a0  1 titre mondial\u00a0en relais<\/strong>\u00a0<strong>biathlon<\/strong> <strong>U21 \u00e0 LANZEREIHDE\u00a0(CH)<\/strong> &#8211; <strong>Camille<\/strong><\/td><td><\/td><td><\/td><\/tr><tr><td><strong>2020\u00a0:<\/strong>     1 s\u00e9lection aux <strong>JOJ<\/strong> groupe France\u00a0Lausanne\u00a0(CH) &#8211; <strong>Chlo\u00e9<\/strong><\/td><td><\/td><td><\/td><\/tr><tr><td><strong>2021\u00a0:<\/strong>      30\u00e8me au classement g\u00e9n\u00e9ral IBU cup (34\u00e8me en sprint) &#8211; <strong>Camille<\/strong><\/td><td><\/td><td><\/td><\/tr><tr><td><strong>2021\u00a0:<\/strong>\u00a0\u00a0\u00a0\u00a0 <strong>1<sup>er<\/sup>\u00a0 podium en IBU Cup\u00a0\u00e0 ARBER\u00a0(ALL) <\/strong>&#8211; <strong>Camille<\/strong><\/td><td><\/td><td><\/td><\/tr><tr><td><strong>2021\u00a0:<\/strong>     <strong>1 titre mondial\u00a0en individuel\u00a0U21<\/strong> <strong>\u00e0 OBERTILLIACH\u00a0(AUT) <\/strong>&#8211; <strong>Camille <\/strong><\/td><td><\/td><td><\/td><\/tr><tr><td><strong>2021\u00a0:     1 titre mondial\u00a0en relais<\/strong> <strong>biathlon<\/strong>\u00a0<strong>U21<\/strong> <strong>\u00e0 OBERTILLIACH\u00a0(AUT)<\/strong> &#8211; <strong>Camille<\/strong><\/td><td><\/td><td><\/td><\/tr><tr><td><strong>2021\u00a0:<\/strong>      29\u00e8me au classement g\u00e9n\u00e9ral IBU cup (14\u00e8me en sprint) &#8211; <strong>Camille<\/strong><\/td><td><\/td><td><\/td><\/tr><tr><td><strong>2022 :<\/strong>      Doubl\u00e9 en sprint U22 biathlon d&rsquo;\u00e9t\u00e9 \u00e0  ARCON (25) : <strong>Camille et Chlo\u00e9<\/strong><\/td><td><\/td><td><\/td><\/tr><tr><td><strong>2022 :<\/strong>      <strong>1<sup>\u00e8re<\/sup>\u00a0 victoire individuelle en IBUcup<\/strong> <strong>sprint \u00e0 OSRBLIE (SVK) <\/strong>: <strong>Camille<\/strong><\/td><td><\/td><td><\/td><\/tr><tr><td><strong>2022 :      <\/strong>5\u00e8me au classement g\u00e9n\u00e9ral IBU cup (4\u00e8me en sprint) : <strong>Camille<\/strong><\/td><td><\/td><td><\/td><\/tr><tr><td><strong>2022 :<\/strong>      <strong>Vice championne d&rsquo;Europe Junior de Sprint<\/strong> <strong>\u00e0 POKLJUKA (SLO) <\/strong>: <strong>Chlo\u00e9<\/strong><\/td><td><\/td><td><\/td><\/tr><tr><td><strong>2022 :<\/strong>      Vice championne de france de Sprint biathlon d&rsquo;\u00e9t\u00e9 \u00e0 ARCON : <strong>Chlo\u00e9  <\/strong><\/td><td><\/td><td><\/td><\/tr><tr><td><strong>2023 :<\/strong>      <strong>3\u00e8me en relais IBU cup \u00e0 CANMORE (CAN)<\/strong> : <strong>Camille<\/strong><\/td><td><\/td><td><\/td><\/tr><tr><td><strong>2023 :<\/strong>      <strong>12\u00e8me<\/strong> au classement g\u00e9n\u00e9ral IBU cup (10\u00e8me en sprint) : <strong>Camille<\/strong><\/td><td><\/td><td><\/td><\/tr><tr><td><strong>2023 :<\/strong>      <strong>3\u00e8me en relais IBU junior&rsquo;s cup \u00e0 OBERTILLIACH (ITA)<\/strong> : <strong>Chlo\u00e9<\/strong><\/td><td><\/td><td><\/td><\/tr><tr><td><strong>2023 :<\/strong>      1\u00e8re  au Sprint biathlon National \u00e0 BESSANS :<strong> Chlo\u00e9<\/strong><\/td><td><\/td><td><\/td><\/tr><tr><td><strong>2023 :<\/strong>      <strong>Vice Championne d&rsquo;Europe Junior de biathlon sprint \u00e0 MADONA (ITA) <\/strong>: <strong>Chlo\u00e9<\/strong><\/td><td><\/td><td><\/td><\/tr><tr><td><strong>2023 :<\/strong>      83\u00e8me au classement g\u00e9n\u00e9ral IBU cup (79\u00e8me en sprint) : <strong>Chlo\u00e9<\/strong><\/td><td><\/td><td><\/td><\/tr><tr><td><strong>2024 :<\/strong>     <strong> 13\u00e8me au classement g\u00e9n\u00e9ral IBU cup (5 podiums en IBU) : Camille<\/strong><\/td><td><\/td><td><\/td><\/tr><tr><td><strong>2024 :<\/strong>     <strong> Vice Championne d&rsquo;Europe du relais Mixte BREZNO (SLV) : Camille<\/strong><\/td><td><\/td><td><\/td><\/tr><tr><td><strong>2025 :<\/strong> <strong>1\u00e8re au classement g\u00e9n\u00e9ral IBUcup (10podiums 1Victoire) <\/strong>le gros globe IBU pour<strong> Camille<\/strong><\/td><td><\/td><td><\/td><\/tr><tr><td><strong>2025 :<\/strong> <strong>1\u00e8re au classement g\u00e9n\u00e9ral poursuite IBU cup<\/strong> : le petit globe IBU pour <strong>Camille<\/strong><\/td><td><\/td><td><\/td><\/tr><tr><td><strong>2025 :<\/strong> <strong>1\u00e8re au classement g\u00e9n\u00e9ral MAss Start IBU cup<\/strong> : le petit globe IBU pour <strong>Camille<\/strong><\/td><td><\/td><td><\/td><\/tr><tr><td><strong>2025 :<\/strong> Premi\u00e8re Coupe du MONDE OSLO (NOR) &#8211; 13\u00e8 Sp &#8211; 15\u00e8 Pur &#8211; 16\u00e8 MS : <strong>Camille<\/strong><\/td><td><\/td><td><\/td><\/tr><tr><td><strong>2025 : Premier podium Coupe du Monde<\/strong> <strong>par \u00e9quipe<\/strong>&#8211; 3\u00e8 Relais SingMix- OESTERSUND (SWE)<br><strong>2025 :<\/strong> <strong>Premier podium Coupe du Monde<\/strong> <strong>Individuel<\/strong> &#8211; 3\u00e8 de l&rsquo;Individuel &#8211; OESTERSUND<br><strong>2025 : 9 courses individuelles en Coupe du Monde et 5 top 6 <\/strong><\/td><td><\/td><td><\/td><\/tr><tr><td><strong>2026 :<\/strong> s\u00e9lection au J.O. d&rsquo; Hiver de MILANO CORTINA 2026 : <strong>Camille<\/strong><\/td><td><\/td><td><\/td><\/tr><\/tbody><\/table><\/figure>\n\n\n\n<p>                         <\/p>\n","protected":false},"excerpt":{"rendered":"<p>2004-2021\u00a0:\u00a010 jeunes s\u00e9lectionn\u00e9s au comit\u00e9 MB &#8211; Thomas V &#8211; Hugo A &#8211; Bertrand C &#8211; Camille B &#8211; Chlo\u00e9 B &#8211; &#8211; Thomas H &#8211; Justin JV &#8211; Paul F &#8211; Anthony L- Th\u00e9o PJ &#8211; \u00a0\u00a0\u00a0\u00a0\u00a0\u00a0\u00a0\u00a0\u00a0\u00a0\u00a0 2014&nbsp;:&nbsp;&nbsp;&nbsp;&nbsp; 1\u00e8re&nbsp;place &hellip; <a href=\"https:\/\/chablaisnordic.com\/?page_id=95\">Continuer la lecture <span class=\"meta-nav\">&rarr;<\/span><\/a><\/p>\n","protected":false},"author":3554,"featured_media":0,"parent":0,"menu_order":0,"comment_status":"closed","ping_status":"closed","template":"","meta":[],"_links":{"self":[{"href":"https:\/\/chablaisnordic.com\/index.php?rest_route=\/wp\/v2\/pages\/95"}],"collection":[{"href":"https:\/\/chablaisnordic.com\/index.php?rest_route=\/wp\/v2\/pages"}],"about":[{"href":"https:\/\/chablaisnordic.com\/index.php?rest_route=\/wp\/v2\/types\/page"}],"author":[{"embeddable":true,"href":"https:\/\/chablaisnordic.com\/index.php?rest_route=\/wp\/v2\/users\/3554"}],"replies":[{"embeddable":true,"href":"https:\/\/chablaisnordic.com\/index.php?rest_route=%2Fwp%2Fv2%2Fcomments&post=95"}],"version-history":[{"count":16,"href":"https:\/\/chablaisnordic.com\/index.php?rest_route=\/wp\/v2\/pages\/95\/revisions"}],"predecessor-version":[{"id":1794,"href":"https:\/\/chablaisnordic.com\/index.php?rest_route=\/wp\/v2\/pages\/95\/revisions\/1794"}],"wp:attachment":[{"href":"https:\/\/chablaisnordic.com\/index.php?rest_route=%2Fwp%2Fv2%2Fmedia&parent=95"}],"curies":[{"name":"wp","href":"https:\/\/api.w.org\/{rel}","templated":true}]}}