{"id":786,"date":"2024-12-10T21:10:00","date_gmt":"2024-12-10T20:10:00","guid":{"rendered":"https:\/\/chablaisnordic.com\/?page_id=786"},"modified":"2026-01-18T21:05:25","modified_gmt":"2026-01-18T20:05:25","slug":"calendrier-national-longues-distances-et-marathon-ski-tour-22-23","status":"publish","type":"page","link":"https:\/\/chablaisnordic.com\/?page_id=786","title":{"rendered":"Programme complet du marathon ski tour 25-26"},"content":{"rendered":"\n<p>8 \u00e9tapes pour la saison 25-26<\/p>\n\n\n\n<p><strong>21 d\u00e9cembre : Les Belles Combes aux Moussi\u00e8res (42km\u00a0classique)<\/strong><br><strong>11 janvier :\u00a0Marathon\u00a0de Bessans \u00e0 Bessans (42km libre)<\/strong><br><strong>25 janvier : La Foul\u00e9e Blanche \u00e0 Autrans (42km libre)<\/strong><br><strong>1 f\u00e9vrier : La Savoyarde \u00e0 La F\u00e9claz (42km libre)<\/strong><br><strong>7 f\u00e9vrier : La Transju aux Rousses (50km\u00a0classique)<\/strong><br><strong>22 f\u00e9vrier :\u00a0Marathon\u00a0du Grand Bec \u00e0 Champagny-en-Vanoise (42km libre)<\/strong><br><strong>15 mars : Marathon des Gli\u00e8res (30km libre<\/strong>)<\/p>\n\n\n\n<p><strong>29 mars : Marathon des Saisies (42km libre) FINALE<\/strong><\/p>\n\n\n\n<p><\/p>\n\n\n\n<p><\/p>\n","protected":false},"excerpt":{"rendered":"<p>8 \u00e9tapes pour la saison 25-26 21 d\u00e9cembre : Les Belles Combes aux Moussi\u00e8res (42km\u00a0classique)11 janvier :\u00a0Marathon\u00a0de Bessans \u00e0 Bessans (42km libre)25 janvier : La Foul\u00e9e Blanche \u00e0 Autrans (42km libre)1 f\u00e9vrier : La Savoyarde \u00e0 La F\u00e9claz (42km libre)7 &hellip; <a href=\"https:\/\/chablaisnordic.com\/?page_id=786\">Continuer la lecture <span class=\"meta-nav\">&rarr;<\/span><\/a><\/p>\n","protected":false},"author":3554,"featured_media":0,"parent":0,"menu_order":0,"comment_status":"closed","ping_status":"closed","template":"","meta":[],"_links":{"self":[{"href":"https:\/\/chablaisnordic.com\/index.php?rest_route=\/wp\/v2\/pages\/786"}],"collection":[{"href":"https:\/\/chablaisnordic.com\/index.php?rest_route=\/wp\/v2\/pages"}],"about":[{"href":"https:\/\/chablaisnordic.com\/index.php?rest_route=\/wp\/v2\/types\/page"}],"author":[{"embeddable":true,"href":"https:\/\/chablaisnordic.com\/index.php?rest_route=\/wp\/v2\/users\/3554"}],"replies":[{"embeddable":true,"href":"https:\/\/chablaisnordic.com\/index.php?rest_route=%2Fwp%2Fv2%2Fcomments&post=786"}],"version-history":[{"count":8,"href":"https:\/\/chablaisnordic.com\/index.php?rest_route=\/wp\/v2\/pages\/786\/revisions"}],"predecessor-version":[{"id":1817,"href":"https:\/\/chablaisnordic.com\/index.php?rest_route=\/wp\/v2\/pages\/786\/revisions\/1817"}],"wp:attachment":[{"href":"https:\/\/chablaisnordic.com\/index.php?rest_route=%2Fwp%2Fv2%2Fmedia&parent=786"}],"curies":[{"name":"wp","href":"https:\/\/api.w.org\/{rel}","templated":true}]}}