{"id":77,"date":"2023-09-19T19:20:32","date_gmt":"2023-09-19T17:20:32","guid":{"rendered":"https:\/\/beta.chablaisnordic.com\/?page_id=77"},"modified":"2025-08-25T15:07:19","modified_gmt":"2025-08-25T13:07:19","slug":"encadrement-sportif","status":"publish","type":"page","link":"https:\/\/chablaisnordic.com\/?page_id=77","title":{"rendered":"Encadrement sportif :"},"content":{"rendered":"\n<p>Chaque groupe de pratique est encadr\u00e9 par un moniteur f\u00e9d\u00e9ral ou entraineur dipl\u00f4m\u00e9.<\/p>\n\n\n\n<p><strong>William  PICARD :<\/strong>  <strong>ENTRAINEUR PRINCIPAL : <\/strong>BE1 pr\u00e9pa BE2, ESF (mercredi \/ Samedi \/stage\/ courses)<\/p>\n\n\n\n<p><strong>Olivier GOUDARD<\/strong> : ESF  B.E. Fond  sur le <strong>groupe MASTER<\/strong> (Samedi)<\/p>\n\n\n\n<p><strong>Philippe BLANC<\/strong> : ESF B.E. Fond en soutien groupe 1 et 2<\/p>\n\n\n\n<p><strong>Gautier AIRIAU :<\/strong> Entraineur F\u00e9d\u00e9ral en soutien groupe 2 ou 3<\/p>\n\n\n\n<p><strong>Alex ETTWILLER<\/strong> : MF1 Biathlon- MF2 Fond en soutien le samedi<\/p>\n\n\n\n<p><strong>Franck TOURNIER :<\/strong> MF1 Fond soutien groupes<\/p>\n\n\n\n<p><\/p>\n\n\n\n<p><\/p>\n","protected":false},"excerpt":{"rendered":"<p>Chaque groupe de pratique est encadr\u00e9 par un moniteur f\u00e9d\u00e9ral ou entraineur dipl\u00f4m\u00e9. William PICARD : ENTRAINEUR PRINCIPAL : BE1 pr\u00e9pa BE2, ESF (mercredi \/ Samedi \/stage\/ courses) Olivier GOUDARD : ESF B.E. Fond sur le groupe MASTER (Samedi) Philippe &hellip; <a href=\"https:\/\/chablaisnordic.com\/?page_id=77\">Continuer la lecture <span class=\"meta-nav\">&rarr;<\/span><\/a><\/p>\n","protected":false},"author":3554,"featured_media":0,"parent":0,"menu_order":0,"comment_status":"closed","ping_status":"closed","template":"","meta":[],"_links":{"self":[{"href":"https:\/\/chablaisnordic.com\/index.php?rest_route=\/wp\/v2\/pages\/77"}],"collection":[{"href":"https:\/\/chablaisnordic.com\/index.php?rest_route=\/wp\/v2\/pages"}],"about":[{"href":"https:\/\/chablaisnordic.com\/index.php?rest_route=\/wp\/v2\/types\/page"}],"author":[{"embeddable":true,"href":"https:\/\/chablaisnordic.com\/index.php?rest_route=\/wp\/v2\/users\/3554"}],"replies":[{"embeddable":true,"href":"https:\/\/chablaisnordic.com\/index.php?rest_route=%2Fwp%2Fv2%2Fcomments&post=77"}],"version-history":[{"count":6,"href":"https:\/\/chablaisnordic.com\/index.php?rest_route=\/wp\/v2\/pages\/77\/revisions"}],"predecessor-version":[{"id":1586,"href":"https:\/\/chablaisnordic.com\/index.php?rest_route=\/wp\/v2\/pages\/77\/revisions\/1586"}],"wp:attachment":[{"href":"https:\/\/chablaisnordic.com\/index.php?rest_route=%2Fwp%2Fv2%2Fmedia&parent=77"}],"curies":[{"name":"wp","href":"https:\/\/api.w.org\/{rel}","templated":true}]}}