{"id":68,"date":"2023-09-09T14:09:00","date_gmt":"2023-09-09T12:09:00","guid":{"rendered":"https:\/\/beta.chablaisnordic.com\/?page_id=68"},"modified":"2025-09-27T08:45:51","modified_gmt":"2025-09-27T06:45:51","slug":"le-staff","status":"publish","type":"page","link":"https:\/\/chablaisnordic.com\/?page_id=68","title":{"rendered":"Le Staff :"},"content":{"rendered":"\n<h1>Pr\u00e9sident :  <strong>K\u00e9vin BALAVOINE<\/strong> (<strong>Mailing<\/strong> <strong>&#8211; dossiers subventions<\/strong> )<\/h1>\n\n\n\n<h1>Secr\u00e9tariat : Herv\u00e9 TESSIER (inscriptions \/licences &#8211; S<strong>iteweb<\/strong>)<\/h1>\n\n\n\n<p><strong>Tr\u00e9sorier :<\/strong>  <strong>Lionel BERTHET<\/strong>  <strong>(factures-CB-inscriptions-mat\u00e9riel)<\/strong><\/p>\n\n\n\n<h2>P\u00f4le technique et sportif :<\/h2>\n\n\n\n<p><strong>Entrainements  :<\/strong> William PICARD et Philippe BLANC<\/p>\n\n\n\n<p><strong>Entrainements Jeunes :<\/strong> Gautier AIRIAU<\/p>\n\n\n\n<p><strong>Entrainements Masters<\/strong> : Olivier GOUDARD<\/p>\n\n\n\n<p><strong><strong>Soutien entrainements :<\/strong> <\/strong>Franck TOURNIER,<\/p>\n\n\n\n<p><strong>Coordination Master :<\/strong> S\u00e9bastien LAZARETH<\/p>\n\n\n\n<p><strong>Soutien logistique manifestation :<\/strong> S\u00e9bastien TIREL<\/p>\n\n\n\n<p><strong>Tenues &#8211; Bourse aux skis<\/strong><strong> <\/strong>: Philippe CLOUX<\/p>\n\n\n\n<p><strong>R\u00e9f\u00e9rents mat\u00e9riel :<\/strong> K\u00e9vin BALAVOINE<\/p>\n\n\n\n<p><strong>Soutien COMMUNICATION<\/strong> : Myl\u00e8ne AUDOUY &#8211; L\u00e9a TOFFOLINI<\/p>\n\n\n\n<p><strong>Relations Partenaires Collectivit\u00e9s territoriales :<\/strong> K\u00e9vin BALAVOINE<\/p>\n\n\n\n<p><strong>R\u00e9seaux sociaux :<\/strong> Myl\u00e8ne &#8211; K\u00e9vin<\/p>\n\n\n\n<p><strong>Organisation TRAIL UMTLM :<\/strong> Fred BENED<\/p>\n\n\n\n<figure class=\"wp-block-image size-large\"><img loading=\"lazy\" width=\"1024\" height=\"768\" src=\"https:\/\/chablaisnordic.com\/wp-content\/uploads\/sites\/89\/2024\/01\/groupe15ans-1024x768.jpg\" alt=\"\" class=\"wp-image-1239\" srcset=\"https:\/\/chablaisnordic.com\/wp-content\/uploads\/sites\/89\/2024\/01\/groupe15ans-1024x768.jpg 1024w, https:\/\/chablaisnordic.com\/wp-content\/uploads\/sites\/89\/2024\/01\/groupe15ans-300x225.jpg 300w, https:\/\/chablaisnordic.com\/wp-content\/uploads\/sites\/89\/2024\/01\/groupe15ans-768x576.jpg 768w, https:\/\/chablaisnordic.com\/wp-content\/uploads\/sites\/89\/2024\/01\/groupe15ans-1536x1152.jpg 1536w, https:\/\/chablaisnordic.com\/wp-content\/uploads\/sites\/89\/2024\/01\/groupe15ans-400x300.jpg 400w, https:\/\/chablaisnordic.com\/wp-content\/uploads\/sites\/89\/2024\/01\/groupe15ans.jpg 2048w\" sizes=\"(max-width: 1024px) 100vw, 1024px\" \/><\/figure>\n","protected":false},"excerpt":{"rendered":"<p>Pr\u00e9sident : K\u00e9vin BALAVOINE (Mailing &#8211; dossiers subventions ) Secr\u00e9tariat : Herv\u00e9 TESSIER (inscriptions \/licences &#8211; Siteweb) Tr\u00e9sorier : Lionel BERTHET (factures-CB-inscriptions-mat\u00e9riel) P\u00f4le technique et sportif : Entrainements : William PICARD et Philippe BLANC Entrainements Jeunes : Gautier AIRIAU Entrainements &hellip; <a href=\"https:\/\/chablaisnordic.com\/?page_id=68\">Continuer la lecture <span class=\"meta-nav\">&rarr;<\/span><\/a><\/p>\n","protected":false},"author":3554,"featured_media":0,"parent":0,"menu_order":0,"comment_status":"closed","ping_status":"closed","template":"","meta":[],"_links":{"self":[{"href":"https:\/\/chablaisnordic.com\/index.php?rest_route=\/wp\/v2\/pages\/68"}],"collection":[{"href":"https:\/\/chablaisnordic.com\/index.php?rest_route=\/wp\/v2\/pages"}],"about":[{"href":"https:\/\/chablaisnordic.com\/index.php?rest_route=\/wp\/v2\/types\/page"}],"author":[{"embeddable":true,"href":"https:\/\/chablaisnordic.com\/index.php?rest_route=\/wp\/v2\/users\/3554"}],"replies":[{"embeddable":true,"href":"https:\/\/chablaisnordic.com\/index.php?rest_route=%2Fwp%2Fv2%2Fcomments&post=68"}],"version-history":[{"count":29,"href":"https:\/\/chablaisnordic.com\/index.php?rest_route=\/wp\/v2\/pages\/68\/revisions"}],"predecessor-version":[{"id":1623,"href":"https:\/\/chablaisnordic.com\/index.php?rest_route=\/wp\/v2\/pages\/68\/revisions\/1623"}],"wp:attachment":[{"href":"https:\/\/chablaisnordic.com\/index.php?rest_route=%2Fwp%2Fv2%2Fmedia&parent=68"}],"curies":[{"name":"wp","href":"https:\/\/api.w.org\/{rel}","templated":true}]}}