{"id":28,"date":"2023-09-04T19:04:36","date_gmt":"2023-09-04T17:04:36","guid":{"rendered":"https:\/\/beta.chablaisnordic.com\/?page_id=28"},"modified":"2025-06-22T22:28:11","modified_gmt":"2025-06-22T20:28:11","slug":"le-club","status":"publish","type":"page","link":"https:\/\/chablaisnordic.com\/?page_id=28","title":{"rendered":"Contacts"},"content":{"rendered":"\n<p>Depuis Novembre 2008, Chablais nordic continue son aventure nordique en Vall\u00e9e d&rsquo;abondance et a f\u00eat\u00e9 en Novembre 2023 ses 15 ans d&rsquo;existence sur le chablais pour promouvoir ainsi le ski nordique.<\/p>\n\n\n\n<figure class=\"wp-block-image size-large\"><img loading=\"lazy\" width=\"1024\" height=\"610\" src=\"https:\/\/chablaisnordic.com\/wp-content\/uploads\/sites\/89\/2021\/12\/logo-CNfinal512-1024x610.png\" alt=\"\" class=\"wp-image-380\" srcset=\"https:\/\/chablaisnordic.com\/wp-content\/uploads\/sites\/89\/2021\/12\/logo-CNfinal512-1024x610.png 1024w, https:\/\/chablaisnordic.com\/wp-content\/uploads\/sites\/89\/2021\/12\/logo-CNfinal512-300x179.png 300w, https:\/\/chablaisnordic.com\/wp-content\/uploads\/sites\/89\/2021\/12\/logo-CNfinal512-768x458.png 768w, https:\/\/chablaisnordic.com\/wp-content\/uploads\/sites\/89\/2021\/12\/logo-CNfinal512-1536x915.png 1536w, https:\/\/chablaisnordic.com\/wp-content\/uploads\/sites\/89\/2021\/12\/logo-CNfinal512-2048x1220.png 2048w, https:\/\/chablaisnordic.com\/wp-content\/uploads\/sites\/89\/2021\/12\/logo-CNfinal512-500x298.png 500w\" sizes=\"(max-width: 1024px) 100vw, 1024px\" \/><\/figure>\n\n\n\n<p>Pour nous contacter, envoyez-nous  un mail <\/p>\n\n\n\n<p>Adresse mail : <strong><a href=\"mailto:secretaire.chablaisnordic@gmail.com\">secretaire.chablaisnordic@gmail.com<\/a><\/strong><\/p>\n\n\n\n<p>Adresse postale : <strong>Chablais Nordic &#8211; Foyer 4 saisons 966 rute des Frasses 74360 La chapelle d&rsquo; Abondance.<\/strong><\/p>\n\n\n\n<figure class=\"wp-block-image size-large\"><img loading=\"lazy\" width=\"1024\" height=\"751\" src=\"https:\/\/chablaisnordic.com\/wp-content\/uploads\/sites\/89\/2021\/12\/Couleurs-fond-blanc-PDS-1024x751.png\" alt=\"\" class=\"wp-image-392\" srcset=\"https:\/\/chablaisnordic.com\/wp-content\/uploads\/sites\/89\/2021\/12\/Couleurs-fond-blanc-PDS-1024x751.png 1024w, https:\/\/chablaisnordic.com\/wp-content\/uploads\/sites\/89\/2021\/12\/Couleurs-fond-blanc-PDS-300x220.png 300w, https:\/\/chablaisnordic.com\/wp-content\/uploads\/sites\/89\/2021\/12\/Couleurs-fond-blanc-PDS-768x563.png 768w, https:\/\/chablaisnordic.com\/wp-content\/uploads\/sites\/89\/2021\/12\/Couleurs-fond-blanc-PDS-1536x1126.png 1536w, https:\/\/chablaisnordic.com\/wp-content\/uploads\/sites\/89\/2021\/12\/Couleurs-fond-blanc-PDS-2048x1501.png 2048w, https:\/\/chablaisnordic.com\/wp-content\/uploads\/sites\/89\/2021\/12\/Couleurs-fond-blanc-PDS-409x300.png 409w\" sizes=\"(max-width: 1024px) 100vw, 1024px\" \/><\/figure>\n\n\n\n<p>Secr\u00e9tariat : <strong> K\u00e9vin BALAVOINE 06.27.36.64.58 <\/strong> <strong>Herv\u00e9 TESSIER 06.77.09.46.59<\/strong>, <\/p>\n\n\n\n<p>Pr\u00e9sident <strong><strong> K\u00e9vin BALAVOINE 06.27.36.64.58 <\/strong><\/strong><\/p>\n\n\n\n<p><\/p>\n","protected":false},"excerpt":{"rendered":"<p>Depuis Novembre 2008, Chablais nordic continue son aventure nordique en Vall\u00e9e d&rsquo;abondance et a f\u00eat\u00e9 en Novembre 2023 ses 15 ans d&rsquo;existence sur le chablais pour promouvoir ainsi le ski nordique. Pour nous contacter, envoyez-nous un mail Adresse mail : &hellip; <a href=\"https:\/\/chablaisnordic.com\/?page_id=28\">Continuer la lecture <span class=\"meta-nav\">&rarr;<\/span><\/a><\/p>\n","protected":false},"author":3554,"featured_media":0,"parent":0,"menu_order":0,"comment_status":"closed","ping_status":"closed","template":"","meta":[],"_links":{"self":[{"href":"https:\/\/chablaisnordic.com\/index.php?rest_route=\/wp\/v2\/pages\/28"}],"collection":[{"href":"https:\/\/chablaisnordic.com\/index.php?rest_route=\/wp\/v2\/pages"}],"about":[{"href":"https:\/\/chablaisnordic.com\/index.php?rest_route=\/wp\/v2\/types\/page"}],"author":[{"embeddable":true,"href":"https:\/\/chablaisnordic.com\/index.php?rest_route=\/wp\/v2\/users\/3554"}],"replies":[{"embeddable":true,"href":"https:\/\/chablaisnordic.com\/index.php?rest_route=%2Fwp%2Fv2%2Fcomments&post=28"}],"version-history":[{"count":9,"href":"https:\/\/chablaisnordic.com\/index.php?rest_route=\/wp\/v2\/pages\/28\/revisions"}],"predecessor-version":[{"id":1571,"href":"https:\/\/chablaisnordic.com\/index.php?rest_route=\/wp\/v2\/pages\/28\/revisions\/1571"}],"wp:attachment":[{"href":"https:\/\/chablaisnordic.com\/index.php?rest_route=%2Fwp%2Fv2%2Fmedia&parent=28"}],"curies":[{"name":"wp","href":"https:\/\/api.w.org\/{rel}","templated":true}]}}