{"id":195,"date":"2023-10-14T20:03:57","date_gmt":"2023-10-14T18:03:57","guid":{"rendered":"https:\/\/chablaisnordic.com\/?page_id=195"},"modified":"2025-06-22T22:25:48","modified_gmt":"2025-06-22T20:25:48","slug":"bourse-aux-skis","status":"publish","type":"page","link":"https:\/\/chablaisnordic.com\/?page_id=195","title":{"rendered":"Bourse aux skis 2025"},"content":{"rendered":"\n<p><strong>SAMEDI 8 DIMANCHE 9 NOVEMBRE 2025 &#8211; Horaires 9h30 17h00<\/strong><\/p>\n\n\n\n<p>Chaque ann\u00e9e, le Ski Club Chablais Nordic organise sa traditionnelle Bourse aux skis. C&rsquo;est l&rsquo;occasion de faire conna\u00eetre le club \u00e0 travers son stand mais surtout permettre aux adeptes de la glisse sur neige de s&rsquo;\u00e9quiper en mat\u00e9riel mais aussi en <strong>V\u00eatements alpins, nordiques et skis de randonn\u00e9e. <\/strong><\/p>\n\n\n\n<p>Cette bourse est propos\u00e9e par 2 professionnels qui pr\u00e9sentent du mat\u00e9riel et des v\u00eatements sold\u00e9s  Un grand choix justement en nordique est propos\u00e9. (gants, textiles, chaussures, skis, b\u00e2tons, etc&#8230;)<\/p>\n\n\n\n<p>quelques clich\u00e9s de l&rsquo;\u00e9dition 2022 et 23 au gymnase CHAMPAGNE de THONON :<\/p>\n\n\n\n<figure class=\"wp-block-gallery has-nested-images columns-default is-cropped\">\n<figure class=\"wp-block-image size-full\"><img loading=\"lazy\" width=\"1024\" height=\"768\" data-id=\"848\"  src=\"https:\/\/chablaisnordic.com\/wp-content\/uploads\/sites\/89\/2022\/11\/bourse22.jpg\" alt=\"\" class=\"wp-image-848\" srcset=\"https:\/\/chablaisnordic.com\/wp-content\/uploads\/sites\/89\/2022\/11\/bourse22.jpg 1024w, https:\/\/chablaisnordic.com\/wp-content\/uploads\/sites\/89\/2022\/11\/bourse22-300x225.jpg 300w, https:\/\/chablaisnordic.com\/wp-content\/uploads\/sites\/89\/2022\/11\/bourse22-768x576.jpg 768w, https:\/\/chablaisnordic.com\/wp-content\/uploads\/sites\/89\/2022\/11\/bourse22-400x300.jpg 400w\" sizes=\"(max-width: 1024px) 100vw, 1024px\" \/><\/figure>\n\n\n\n<figure class=\"wp-block-image size-full\"><img loading=\"lazy\" width=\"1024\" height=\"768\" data-id=\"849\"  src=\"https:\/\/chablaisnordic.com\/wp-content\/uploads\/sites\/89\/2022\/11\/bourse22-1.jpg\" alt=\"\" class=\"wp-image-849\" srcset=\"https:\/\/chablaisnordic.com\/wp-content\/uploads\/sites\/89\/2022\/11\/bourse22-1.jpg 1024w, https:\/\/chablaisnordic.com\/wp-content\/uploads\/sites\/89\/2022\/11\/bourse22-1-300x225.jpg 300w, https:\/\/chablaisnordic.com\/wp-content\/uploads\/sites\/89\/2022\/11\/bourse22-1-768x576.jpg 768w, https:\/\/chablaisnordic.com\/wp-content\/uploads\/sites\/89\/2022\/11\/bourse22-1-400x300.jpg 400w\" sizes=\"(max-width: 1024px) 100vw, 1024px\" \/><\/figure>\n\n\n\n<figure class=\"wp-block-image size-large\"><img data-id=\"300\"  src=\"https:\/\/chablaisnordic.com\/wp-content\/uploads\/sites\/89\/2021\/11\/bourse3-1.jpg\" alt=\"\" class=\"wp-image-300\" \/><\/figure>\n<\/figure>\n\n\n\n<p><\/p>\n","protected":false},"excerpt":{"rendered":"<p>SAMEDI 8 DIMANCHE 9 NOVEMBRE 2025 &#8211; Horaires 9h30 17h00 Chaque ann\u00e9e, le Ski Club Chablais Nordic organise sa traditionnelle Bourse aux skis. C&rsquo;est l&rsquo;occasion de faire conna\u00eetre le club \u00e0 travers son stand mais surtout permettre aux adeptes de &hellip; <a href=\"https:\/\/chablaisnordic.com\/?page_id=195\">Continuer la lecture <span class=\"meta-nav\">&rarr;<\/span><\/a><\/p>\n","protected":false},"author":3554,"featured_media":0,"parent":0,"menu_order":0,"comment_status":"closed","ping_status":"closed","template":"","meta":[],"_links":{"self":[{"href":"https:\/\/chablaisnordic.com\/index.php?rest_route=\/wp\/v2\/pages\/195"}],"collection":[{"href":"https:\/\/chablaisnordic.com\/index.php?rest_route=\/wp\/v2\/pages"}],"about":[{"href":"https:\/\/chablaisnordic.com\/index.php?rest_route=\/wp\/v2\/types\/page"}],"author":[{"embeddable":true,"href":"https:\/\/chablaisnordic.com\/index.php?rest_route=\/wp\/v2\/users\/3554"}],"replies":[{"embeddable":true,"href":"https:\/\/chablaisnordic.com\/index.php?rest_route=%2Fwp%2Fv2%2Fcomments&post=195"}],"version-history":[{"count":13,"href":"https:\/\/chablaisnordic.com\/index.php?rest_route=\/wp\/v2\/pages\/195\/revisions"}],"predecessor-version":[{"id":1566,"href":"https:\/\/chablaisnordic.com\/index.php?rest_route=\/wp\/v2\/pages\/195\/revisions\/1566"}],"wp:attachment":[{"href":"https:\/\/chablaisnordic.com\/index.php?rest_route=%2Fwp%2Fv2%2Fmedia&parent=195"}],"curies":[{"name":"wp","href":"https:\/\/api.w.org\/{rel}","templated":true}]}}