{"id":186,"date":"2023-09-13T20:39:11","date_gmt":"2023-09-13T18:39:11","guid":{"rendered":"https:\/\/chablaisnordic.com\/?page_id=186"},"modified":"2026-01-18T21:17:07","modified_gmt":"2026-01-18T20:17:07","slug":"groupe-populaire","status":"publish","type":"page","link":"https:\/\/chablaisnordic.com\/?page_id=186","title":{"rendered":"GROUPE POPULAIRE (LOISIR)"},"content":{"rendered":"\n<p>J&rsquo;ai entre 12 et 19 ans, je souhaite pratiquer le fond plus pour le plaisir que la comp\u00e9tition, je veux me perfectionner techniquement sur les 2 styles. C&rsquo;est mon groupe, avec une licence loisir carte neige, je b\u00e9n\u00e9ficie des s\u00e9ances avec un moniteur f\u00e9d\u00e9ral ou un moniteur ESF. <\/p>\n\n\n\n<p>S\u00e9ances avec les autres groupes jeunes (FOYER et FEDERAL) que sur neige  l<strong>es mercredis de 14h30 \u00e0 16h30 et les samedis matins de 9h30 \u00e0 11h30.<\/strong> <\/p>\n\n\n\n<p>Parfois des s\u00e9ances sur Suisse si l&rsquo;enneigement peut manquer (Morgins, Col des MOSSES) Pensez \u00e0 fournir une <a rel=\"noreferrer noopener\" href=\"https:\/\/chablaisnordic.com\/wp-content\/uploads\/sites\/89\/2024\/12\/Autorisation-sortie-territoire-cerfa_15646-01.pdf\" target=\"_blank\">Autorisation de sortie de territoire<\/a> \u00e0 remplir pour anticipation.<\/p>\n\n\n\n<p>L&rsquo;int\u00e9r\u00eat est donc de pratiquer avec un groupe plus \u00e9toff\u00e9  L&rsquo;entrainement technique est le m\u00eame mais les finalit\u00e9s physiques diff\u00e9rentes par rapport au groupe des f\u00e9d\u00e9ral.<\/p>\n\n\n\n<p>Je peux donc am\u00e9liorer mon style et si je veux, je peux participer \u00e0 des courses OPEN POPULAIRES qui sont greff\u00e9es sur les traditionnelles courses longues distances au calendrier : LA RAMAZ, LES GLIERES, LE GRAND BO) bien s\u00fbr sur des distances adapt\u00e9es : 2-3 ou 5 km)<\/p>\n\n\n\n<p>Pour se faire, cot\u00e9 mat\u00e9riel, il me faut minimum  1 ou 2 paires de chaussures (COMBI ou SKATE et CLASSIQUE). Pour les skis, le club propose un pack 2 paires \u00e0 la saison pour les 2 styles.<\/p>\n\n\n\n<p>Je peux faire un essai sur 2-3 s\u00e9ances ; nous contacter avant par mail ou t\u00e9l\u00e9phone secr\u00e9taires (d\u00e9charge de responsabilit\u00e9)<\/p>\n\n\n\n<p>GROUPE 2025-26 :  <\/p>\n","protected":false},"excerpt":{"rendered":"<p>J&rsquo;ai entre 12 et 19 ans, je souhaite pratiquer le fond plus pour le plaisir que la comp\u00e9tition, je veux me perfectionner techniquement sur les 2 styles. C&rsquo;est mon groupe, avec une licence loisir carte neige, je b\u00e9n\u00e9ficie des s\u00e9ances &hellip; <a href=\"https:\/\/chablaisnordic.com\/?page_id=186\">Continuer la lecture <span class=\"meta-nav\">&rarr;<\/span><\/a><\/p>\n","protected":false},"author":3554,"featured_media":0,"parent":0,"menu_order":0,"comment_status":"closed","ping_status":"closed","template":"","meta":[],"_links":{"self":[{"href":"https:\/\/chablaisnordic.com\/index.php?rest_route=\/wp\/v2\/pages\/186"}],"collection":[{"href":"https:\/\/chablaisnordic.com\/index.php?rest_route=\/wp\/v2\/pages"}],"about":[{"href":"https:\/\/chablaisnordic.com\/index.php?rest_route=\/wp\/v2\/types\/page"}],"author":[{"embeddable":true,"href":"https:\/\/chablaisnordic.com\/index.php?rest_route=\/wp\/v2\/users\/3554"}],"replies":[{"embeddable":true,"href":"https:\/\/chablaisnordic.com\/index.php?rest_route=%2Fwp%2Fv2%2Fcomments&post=186"}],"version-history":[{"count":12,"href":"https:\/\/chablaisnordic.com\/index.php?rest_route=\/wp\/v2\/pages\/186\/revisions"}],"predecessor-version":[{"id":1821,"href":"https:\/\/chablaisnordic.com\/index.php?rest_route=\/wp\/v2\/pages\/186\/revisions\/1821"}],"wp:attachment":[{"href":"https:\/\/chablaisnordic.com\/index.php?rest_route=%2Fwp%2Fv2%2Fmedia&parent=186"}],"curies":[{"name":"wp","href":"https:\/\/api.w.org\/{rel}","templated":true}]}}