{"id":182,"date":"2023-10-28T23:38:00","date_gmt":"2023-10-28T21:38:00","guid":{"rendered":"https:\/\/chablaisnordic.com\/?page_id=182"},"modified":"2026-03-15T20:40:41","modified_gmt":"2026-03-15T19:40:41","slug":"groupe-foyers","status":"publish","type":"page","link":"https:\/\/chablaisnordic.com\/?page_id=182","title":{"rendered":"GROUPE FOYERS 2026 (LOISIR)"},"content":{"rendered":"\n<p> J&rsquo;ai entre 7 et 12 ans, j&rsquo;aime le ski de fond ou je veux d\u00e9couvrir le ski de fond avec d\u00e9j\u00e0 une aisance sur les skis , je serais dans le groupe <strong>FOYER.<\/strong><\/p>\n\n\n\n<p><strong>L&rsquo;aisance \u00e0 skis<\/strong> correspond \u00e0 une pratique r\u00e9guli\u00e8re soit en ski alpin, soit en ski nordique avec les \u00e9coles. Suivant ce niveau d&rsquo;habilet\u00e9, le jeune rejoindra le groupe des foyers avec Olivier (moniteur ESF) \u00e0 raison de 2 s\u00e9ances par semaine. <\/p>\n\n\n\n<p>Dans le cas contraire, nous lui conseillons de prendre quelques s\u00e9ances individuelles avec un moniteur ESF sur le d\u00e9but de saison pour ainsi int\u00e9grer plus facilement le groupe en cours de saison.<\/p>\n\n\n\n<p><strong>S\u00e9ances<\/strong> \u00e0 partir de fin AOUT coh\u00e9sion et reprise physique LIGHT tous les samedis matin<\/p>\n\n\n\n<p><strong>S\u00e9ances sur neige<\/strong> : d\u00e8s ouverture du domaine \u00e0 LA Chapelle de D\u00e9cembre jusqu&rsquo;\u00e0 d\u00e9but Avril. ( + des mini stages pendant les vacances de No\u00ebl et F\u00e9vrier).<\/p>\n\n\n\n<p>Sorties parfois sur Suisse : <a href=\"https:\/\/chablaisnordic.com\/wp-content\/uploads\/sites\/89\/2024\/12\/Autorisation-sortie-territoire-cerfa_15646-01.pdf\" target=\"_blank\" rel=\"noreferrer noopener\">Autorisation de sortie de territoire<\/a> \u00e0 remplir pour anticipation<\/p>\n\n\n\n<p>Possibilit\u00e9 de faire un essai  avec le groupe avant de m&rsquo;engager<a rel=\"noreferrer noopener\" href=\"https:\/\/chablaisnordic.com\/wp-content\/uploads\/sites\/89\/2023\/10\/decharge-de-responsabilite-seance-dessai-Chablais-Nordic.pdf\" target=\"_blank\"> (fiche de d\u00e9charge de responsabilit\u00e9<\/a>) &#8211; (l&rsquo;hiver, location du mat\u00e9riel sur La chapelle pour la s\u00e9ance ou selon pointure et taille, pr\u00eat par le club).<\/p>\n\n\n\n<p><strong>mercredi apr\u00e8s-midi : 14h30 16h30 (en m\u00eame temps que les grands populaire\/f\u00e9d\u00e9ral<\/strong>)<\/p>\n\n\n\n<p><strong>samedi matin 9h30 -11h30 (en m\u00eame temps que tous les autres groupes).<\/strong><\/p>\n\n\n\n<p><strong>Mat\u00e9riel : <\/strong>le club propose un pack \u00e0 l&rsquo;ann\u00e9e : chaussures COMBI pour les 2 techniques + 2 paires de ski + b\u00e2tons. (skating et classique SKIN) <\/p>\n\n\n\n<p><strong>Cot\u00e9 \u00ab\u00a0comp\u00e9tition<\/strong>\u00ab\u00a0, il n&rsquo;y a pas d&rsquo;obligation mais quelques chronos appel\u00e9s MINI COUPES qui sont programm\u00e9es (3 \u00e0 5  chronos). A noter que les U12 (n\u00e9s en 2013 pour la saison 2024-25) sont toujours \u00ab\u00a0foyers\u00a0\u00bb mais peuvent prendre une licence f\u00e9d\u00e9rale pour faire plus de courses sur d&rsquo;autres formats (individuel classique, biathlon 10m)<\/p>\n\n\n\n<p>Enfin pendant les vacances scolaires, <a rel=\"noreferrer noopener\" href=\"https:\/\/www.haute-savoie-nordic.com\/le-ski-pour-les-jeunes\/quest-ce-quun-foyer-de-ski-de-fond\/\" target=\"_blank\">Haute-Savoie Nordic (HSN<\/a>) organise des stages aux Gli\u00e8res ou en Itin\u00e9rant pour tous les jeunes \u00ab\u00a0foyers\u00a0\u00bb du d\u00e9partement. (les places sont limit\u00e9es \u00e0 2 par stage et par club, la priorit\u00e9 sera donn\u00e9e aux \u00ab\u00a0anciens\u00a0\u00bb qui n&rsquo;y ont jamais particip\u00e9).<\/p>\n\n\n\n<p>Concernant le biathlon, cette pratique n&rsquo;est pas une fin en soi, \u00e0 savoir que le ski de fond est d&rsquo;abord la priorit\u00e9 et sert de base aux s\u00e9ances de biathlon 10 m\u00e8tres qui sont organis\u00e9es \u00e9pisodiquement dans la saison en fonction d\u00e9j\u00e0 de la m\u00e9t\u00e9o et de la logistique complexe \u00e0 mettre en place. C&rsquo;est justement en U11-U12 apr\u00e8s une technique ma\u00eetris\u00e9e et des capacit\u00e9s physiques reconnues que le choix du biathlon peut \u00eatre envisag\u00e9. Jusqu&rsquo;\u00e0 U14, il y a tr\u00e8s peu de courses organis\u00e9es (3 au calendrier) et les comp\u00e9titions sont essentiellement en ski de fond avec presque 50% de classique. <strong>Un bon Biathl\u00e8te est avant tout un bon Fondeur.<\/strong> Le biathlon \u00e0 50m arrive d\u00e8s U15 mais \u00e0 la charge des familles pour l&rsquo;acquisition de la carabine. Idem 3 ou 4 rendez-vous au pas de tir sur la saison car l&rsquo;essentiel des courses est du fond sp\u00e9cial ; classique et skate ! Apr\u00e8s, la comp\u00e9tition n&rsquo;est pas une fin en soi, les s\u00e9ances 10m sont justement l\u00e0 pour agr\u00e9menter les s\u00e9ances foyers. <\/p>\n\n\n\n<p><strong>LE GROUPE 2025-26 <\/strong> comprend environ 17 jeunes<\/p>\n\n\n\n<p><strong>LES DATES 2025-2026:<\/strong><br>Stage Itin\u00e9rance Haute-Savoie :&nbsp;2 stages de 3 jours pendant les vacances de&nbsp;No\u00ebl dans le Pays du Mont-Blanc <br>Stages Gli\u00e8res pendant les vacances de F\u00e9vrier<br>Stages Jura :&nbsp;idem en F\u00e9vrier<\/p>\n\n\n\n<p>Les dates des Minicoupes 2026 :<\/p>\n\n\n\n<p>BELLEVAUX :nocturne du samedi 17 F\u00e9vrier <br>LES CONTAMINES La Classic\u201974 : 21 janvier<br>PRAZ DE LYS &#8211; 31 Janvier<\/p>\n\n\n\n<p>LA CHAPELLE 7 f\u00e9vrier minicoupe Chablais Nordic<\/p>\n\n\n\n<p>MORZINE &#8211; 21 F\u00e9vrier<\/p>\n\n\n\n<p>RAMAZETTE &#8211; 8 Mars &#8211; PRAZ de LYS<\/p>\n\n\n\n<p>MEGEVE La Finale des foyers de ski de fond de Haute-Savoie :&nbsp;mercredi 11 mars 2024&nbsp;<\/p>\n\n\n\n<p>JOUX PLANE  COL &#8211; 22 mars le Haut Giffre<\/p>\n\n\n\n<p>LES GETS 28 mars <\/p>\n\n\n\n<p> <\/p>\n","protected":false},"excerpt":{"rendered":"<p>J&rsquo;ai entre 7 et 12 ans, j&rsquo;aime le ski de fond ou je veux d\u00e9couvrir le ski de fond avec d\u00e9j\u00e0 une aisance sur les skis , je serais dans le groupe FOYER. L&rsquo;aisance \u00e0 skis correspond \u00e0 une pratique &hellip; <a href=\"https:\/\/chablaisnordic.com\/?page_id=182\">Continuer la lecture <span class=\"meta-nav\">&rarr;<\/span><\/a><\/p>\n","protected":false},"author":3554,"featured_media":0,"parent":0,"menu_order":0,"comment_status":"closed","ping_status":"closed","template":"","meta":[],"_links":{"self":[{"href":"https:\/\/chablaisnordic.com\/index.php?rest_route=\/wp\/v2\/pages\/182"}],"collection":[{"href":"https:\/\/chablaisnordic.com\/index.php?rest_route=\/wp\/v2\/pages"}],"about":[{"href":"https:\/\/chablaisnordic.com\/index.php?rest_route=\/wp\/v2\/types\/page"}],"author":[{"embeddable":true,"href":"https:\/\/chablaisnordic.com\/index.php?rest_route=\/wp\/v2\/users\/3554"}],"replies":[{"embeddable":true,"href":"https:\/\/chablaisnordic.com\/index.php?rest_route=%2Fwp%2Fv2%2Fcomments&post=182"}],"version-history":[{"count":19,"href":"https:\/\/chablaisnordic.com\/index.php?rest_route=\/wp\/v2\/pages\/182\/revisions"}],"predecessor-version":[{"id":1908,"href":"https:\/\/chablaisnordic.com\/index.php?rest_route=\/wp\/v2\/pages\/182\/revisions\/1908"}],"wp:attachment":[{"href":"https:\/\/chablaisnordic.com\/index.php?rest_route=%2Fwp%2Fv2%2Fmedia&parent=182"}],"curies":[{"name":"wp","href":"https:\/\/api.w.org\/{rel}","templated":true}]}}