{"id":102,"date":"2023-10-04T23:01:39","date_gmt":"2023-10-04T21:01:39","guid":{"rendered":"https:\/\/chablaisnordic.com\/?page_id=102"},"modified":"2025-08-27T10:27:12","modified_gmt":"2025-08-27T08:27:12","slug":"modalites-2022","status":"publish","type":"page","link":"https:\/\/chablaisnordic.com\/?page_id=102","title":{"rendered":"Modalit\u00e9s 2025-2026"},"content":{"rendered":"\n<h3><strong>Nouveaut\u00e9 cette ann\u00e9e<\/strong> : tous les groupes de licenci\u00e9s (jeunes)&nbsp;b\u00e9n\u00e9ficieront de <strong>deux s\u00e9ances hebdomadaires<\/strong>, de septembre \u00e0 avril :<\/h3>\n\n\n\n<ul><li><strong>Mercredi apr\u00e8s-midi : 14h30 \u2013 16h30<\/strong><\/li><li><strong>Samedi matin : 9h30 \u2013 11h30<\/strong><\/li><\/ul>\n\n\n\n<p>R\u00e9partition des encadrants&nbsp;sur l&rsquo;automne :&nbsp;<\/p>\n\n\n\n<ul><li><strong>Mercredis<\/strong> : Gautier Airiau (groupe 2) et William (groupe 1)<\/li><li><strong>Samedis<\/strong> : Philippe et Franck (groupe 2) et William (groupe 1)<\/li><\/ul>\n\n\n\n<h3>Tarifs valid\u00e9s (hors assurance)<\/h3>\n\n\n\n<ul><li>Foyers et Populaire : <strong>180 \u20ac<\/strong><\/li><li>F\u00e9d\u00e9raux : <strong>250 \u20ac<\/strong><\/li><li>Masters : <strong>160 \u20ac<\/strong><\/li><\/ul>\n\n\n\n<p>Un petit cadeau sera remis pour toute adh\u00e9sion + licence, dans la limite des stocks disponibles.<br><strong>Les jeunes \u00e0 partir de U12 doivent d\u00e9tenir leurs propres chaussures de ski. Nous restons \u00e0 votre disposition pour toute demande technique \u00e0 ce sujet.<\/strong><\/p>\n\n\n\n<p>Pensez \u00e0 v\u00e9rifier votre \u00e9ligibilit\u00e9 aux aides <strong>Pass R\u00e9gion<\/strong> et <strong>Pass&rsquo;sport<\/strong>, qui permettent de r\u00e9duire les frais.<\/p>\n\n\n\n<h3><img alt=\"\ud83c\udfe5\" src=\"https:\/\/mail01.orange.fr\/appsuite\/apps\/themes\/login\/1x1.gif\"> Certificat m\u00e9dical obligatoire<\/h3>\n\n\n\n<p><strong>La pratique du biathlon n\u00e9cessite un certificat m\u00e9dical de moins d\u2019un an.<\/strong><\/p>\n\n\n\n<ul><li>Les certificats \u00e9tablis \u00e0 l\u2019automne ou au d\u00e9but de l\u2019hiver dernier <strong>ne seront plus valides<\/strong>.<\/li><li>Merci d\u2019anticiper cette d\u00e9marche afin que vos dossiers soient complets lors des inscriptions.<\/li><li>Certificat m\u00e9dical avec comme indication : \u00a0\u00bb Non contre-indication \u00e0 la pratique du ski de fond et du biathlon <strong>en comp\u00e9tition<\/strong> \u00a0\u00bb et ceux m\u00eame pour les licenci\u00e9s&nbsp;loisirs.<\/li><\/ul>\n\n\n\n<h3>Inscriptions<\/h3>\n\n\n\n<p>Elles auront lieu le <strong>samedi&nbsp;04 octobre 2025 \u00e0 partir de 9h<\/strong>, au <strong>foyer 4 saisons<\/strong>.<\/p>\n\n\n\n<p><br>Sans certificat m\u00e9dical \u00e0 jour, nous ne pourrons accepter les enfants aux entra\u00eenements de tir, pour des raisons d\u2019assurance et de responsabilit\u00e9.<\/p>\n\n\n\n<p><a rel=\"noreferrer noopener\" href=\"https:\/\/www.haute-savoie-nordic.com\/forfait-nordic-pass-74\/\" target=\"_blank\"><strong>TARIFS 2025-26<\/strong><\/a><\/p>\n\n\n\n<p><strong><strong>Attention nouvelle tarification d&rsquo;assurances 25-26 ; \u00e0 lire IMPERATIVEMENT<\/strong><\/strong><\/p>\n\n\n\n<p> <strong><a rel=\"noreferrer noopener\" href=\"https:\/\/chablaisnordic.com\/wp-content\/uploads\/sites\/89\/2024\/09\/notice_information_assurance-FFSlicence.pdf.pdf\" target=\"_blank\">Notice Assurance Licence FFS<\/a><\/strong> <\/p>\n\n\n\n<p>Pour des entrainements exceptionnellement en Suisse ( MORGINS- Col des MOSSES)<\/p>\n\n\n\n<p><strong><a href=\"https:\/\/www.service-public.fr\/particuliers\/vosdroits\/R46121\" target=\"_blank\" rel=\"noreferrer noopener\">Attestation de sortie de territoire pour les mineurs<\/a><\/strong><\/p>\n\n\n\n<p><\/p>\n\n\n\n<p><strong>DES REDUCTIONS POSSIBLES en 2025 2026 :<\/strong> <\/p>\n\n\n\n<p><strong>Le pass&rsquo;sport<\/strong> 25-26 permettra de nouveau <strong>sous conditions<\/strong> \u00e0 un jeune de b\u00e9n\u00e9ficier de 50 euros d&rsquo;aide sur la prise d&rsquo;une licence f\u00e9d\u00e9rale dans un club. D\u00e9pose du document sp\u00e9cifique au club lors de l&rsquo;inscription, avant le <strong>31 d\u00e9cembre 2024.<\/strong> (dispositif \u00e9largi en 2022 aux \u00e9tudiants boursiers de moins de 28 ans.) <\/p>\n\n\n\n<p>Modalit\u00e9s sur le site <a href=\"https:\/\/www.service-public.fr\/particuliers\/actualites\/A15850\" target=\"_blank\" rel=\"noreferrer noopener\">SERVICE PUBLIC<\/a><\/p>\n\n\n\n<figure class=\"wp-block-image size-full\"><a href=\"https:\/\/www.aide-sociale.fr\/pass-sport\/#quoi\" target=\"_blank\" rel=\"noopener\"><img loading=\"lazy\" width=\"151\" height=\"116\" src=\"https:\/\/chablaisnordic.com\/wp-content\/uploads\/sites\/89\/2021\/10\/aidesociale.png\" alt=\"\" class=\"wp-image-103\" \/><\/a><\/figure>\n\n\n\n<p><strong>Le PASS REGION pour les lyc\u00e9ens :<\/strong> permettant une r\u00e9duction de 30\u20ac sur le prix de la licence . Autre avantages et d\u00e9tails sur le site d\u00e9di\u00e9 et sur la <a rel=\"noreferrer noopener\" href=\"https:\/\/chablaisnordic.com\/wp-content\/uploads\/sites\/89\/2023\/10\/Flyer-PassRA\u00a9gion.pdf\" target=\"_blank\">doc jointe ici <\/a><\/p>\n\n\n\n<figure class=\"wp-block-gallery has-nested-images columns-default is-cropped\">\n<figure class=\"wp-block-image size-large\"><a href=\"https:\/\/www.auvergnerhonealpes.fr\/passregion\" target=\"_blank\" rel=\"noopener\"><img loading=\"lazy\" width=\"638\" height=\"900\" data-id=\"1174\"  src=\"https:\/\/chablaisnordic.com\/wp-content\/uploads\/sites\/89\/2023\/10\/passregioncopie.png\" alt=\"\" class=\"wp-image-1174\" srcset=\"https:\/\/chablaisnordic.com\/wp-content\/uploads\/sites\/89\/2023\/10\/passregioncopie.png 638w, https:\/\/chablaisnordic.com\/wp-content\/uploads\/sites\/89\/2023\/10\/passregioncopie-213x300.png 213w\" sizes=\"(max-width: 638px) 100vw, 638px\" \/><\/a><\/figure>\n<\/figure>\n\n\n\n<p><strong>NORDIC PASS<\/strong> : pour l&rsquo;acc\u00e8s aux pistes de fond, <strong>la carte d\u00e9partementale est fortement conseill\u00e9e aux jeunes pour plus de flexibilt\u00e9<\/strong> car nous sommes amen\u00e9s \u00e0 changer de site aux entrainements si les conditions d&rsquo;enneigement \u00e0 La Chapelle sont difficiles. Veuillez choisir le foyer de La Chapelle d&rsquo; ABONDANCE pour prendre votre PASS car il contribue largement a nous offrir des pistes de qualit\u00e9s pour nos s\u00e9ances.<\/p>\n\n\n\n<p>REDUCTION DU NORDICPASS jusqu&rsquo;au <strong>15 novembre 202<\/strong>5 sur le site de <strong><a href=\"https:\/\/www.haute-savoie-nordic.com\/forfait-nordic-pass-74\/\">Haute Savoie Nordic.<\/a><\/strong><\/p>\n\n\n\n<p><\/p>\n","protected":false},"excerpt":{"rendered":"<p>Nouveaut\u00e9 cette ann\u00e9e : tous les groupes de licenci\u00e9s (jeunes)&nbsp;b\u00e9n\u00e9ficieront de deux s\u00e9ances hebdomadaires, de septembre \u00e0 avril : Mercredi apr\u00e8s-midi : 14h30 \u2013 16h30 Samedi matin : 9h30 \u2013 11h30 R\u00e9partition des encadrants&nbsp;sur l&rsquo;automne :&nbsp; Mercredis : Gautier Airiau &hellip; <a href=\"https:\/\/chablaisnordic.com\/?page_id=102\">Continuer la lecture <span class=\"meta-nav\">&rarr;<\/span><\/a><\/p>\n","protected":false},"author":3554,"featured_media":0,"parent":0,"menu_order":0,"comment_status":"closed","ping_status":"closed","template":"","meta":[],"_links":{"self":[{"href":"https:\/\/chablaisnordic.com\/index.php?rest_route=\/wp\/v2\/pages\/102"}],"collection":[{"href":"https:\/\/chablaisnordic.com\/index.php?rest_route=\/wp\/v2\/pages"}],"about":[{"href":"https:\/\/chablaisnordic.com\/index.php?rest_route=\/wp\/v2\/types\/page"}],"author":[{"embeddable":true,"href":"https:\/\/chablaisnordic.com\/index.php?rest_route=\/wp\/v2\/users\/3554"}],"replies":[{"embeddable":true,"href":"https:\/\/chablaisnordic.com\/index.php?rest_route=%2Fwp%2Fv2%2Fcomments&post=102"}],"version-history":[{"count":34,"href":"https:\/\/chablaisnordic.com\/index.php?rest_route=\/wp\/v2\/pages\/102\/revisions"}],"predecessor-version":[{"id":1598,"href":"https:\/\/chablaisnordic.com\/index.php?rest_route=\/wp\/v2\/pages\/102\/revisions\/1598"}],"wp:attachment":[{"href":"https:\/\/chablaisnordic.com\/index.php?rest_route=%2Fwp%2Fv2%2Fmedia&parent=102"}],"curies":[{"name":"wp","href":"https:\/\/api.w.org\/{rel}","templated":true}]}}